{"id":11374,"date":"2026-03-05T12:41:36","date_gmt":"2026-03-05T11:41:36","guid":{"rendered":"https:\/\/einkursinwundern.ch\/?page_id=11374"},"modified":"2026-03-05T12:41:36","modified_gmt":"2026-03-05T11:41:36","slug":"weg-der-rueckkehr-zu-gott","status":"publish","type":"page","link":"https:\/\/einkursinwundern.ch\/?page_id=11374","title":{"rendered":"Weg der R\u00fcckkehr zu Gott"},"content":{"rendered":"<p><strong>Die vier Einstellungen\/Ebenen<br \/>\n<\/strong>auf dem Weg der R\u00fcckkehr zu Gott<\/p>\n<p><strong>Dualismus:<\/strong><br \/>\nDer Geist glaubt an die Trennung von Subjekt und Objekt. Daraus entsteht der Glaube an zwei Welten. Die Welt Gottes und die der Menschen.<br \/>\nIch bin das Subjekt und alles andere ist Objekt. Den Menschen nehme ich als K\u00f6rper war, der vom Hirn gelenkt wird. Somit nehme ich auch Gott als ausserhalb von mir wahr.<\/p>\n<p><strong>Semi-Dualismus:<br \/>\n<\/strong>Die freundlichere Form des Dualismus. Der Geist von sanften Menschen akzeptiert, dass Gott Liebe ist. Gott ist dadurch weniger bedrohlich geworden. Jedoch stellen sich Fragen, wie kann Gott vollkommene Liebe sein und Rache an dem nehmen was er erschaffen hat. Gott und die Welt ist noch immer ausserhalb von mir aber Gott ist nicht mehr der Verursacher. Die Situation ist anderswo entstanden (Karma etc.)<\/p>\n<p><strong>Nichtdualismus:<br \/>\n<\/strong>Die Geschichte vom Baum der umf\u00e4llt und Ger\u00e4usche erzeugt (Schallwellen). Deshalb muss es Dualit\u00e4t geben, damit etwas mit etwas anderem interagieren kann.<br \/>\nHingegen ist im Spiegel nichts ohne den Beobachter. Also gibt es kein Universum ohne mich als Beobachter, der es wahrnimmt. Wenn es also kein Universum gibt, gibt es mich zwangsl\u00e4ufig auch nicht.<\/p>\n<p>Um die Illusion von Existenz hervorzubringen, muss man die Einheit nehmen und zerteilen. Doch nur wenige fragen sich mit was bin ich eins? Die meisten w\u00fcrden sagen, mit Gott. Glauben aber dennoch, das sie und das Universum von Gott erschaffen wurde. Wenn wir erfassen mit Gott eins zu sein, haben wir den Geist, ausserhalb des Rahmens von Raum, Zeit und Form, gemeistert, Gott dennoch nicht <em>permanent<\/em> erreicht.<\/p>\n<p><strong>Reiner Nichtdualismus:<br \/>\n<\/strong>Hierzu ist noch ein weiterer Schritt erforderlich, indem der Geist, der die Illusion erzeugt, die Wahl <em>endg\u00fcltig gegen sich selbst<\/em> und zugunsten Gottes trifft. Dies ist aber etwas, was fast niemand lernen will. Unbewusst schreckt es uns, jetzt und f\u00fcr immer, jede Individualit\u00e4t oder pers\u00f6nliche Identit\u00e4t aufzugeben.<\/p>\n","protected":false},"excerpt":{"rendered":"<p>Die vier Einstellungen\/Ebenen auf dem Weg der R\u00fcckkehr zu Gott Dualismus: Der Geist glaubt an die Trennung von Subjekt und Objekt. Daraus entsteht der Glaube an zwei Welten. Die Welt Gottes und die der Menschen. Ich bin das Subjekt und alles andere ist Objekt. Den Menschen nehme ich als K\u00f6rper war, der vom Hirn gelenkt<\/p>\n","protected":false},"author":2,"featured_media":0,"parent":0,"menu_order":0,"comment_status":"closed","ping_status":"closed","template":"","meta":{"inline_featured_image":false,"footnotes":""},"class_list":["post-11374","page","type-page","status-publish","hentry","no-featured-content"],"jetpack_sharing_enabled":true,"_links":{"self":[{"href":"https:\/\/einkursinwundern.ch\/index.php?rest_route=\/wp\/v2\/pages\/11374","targetHints":{"allow":["GET"]}}],"collection":[{"href":"https:\/\/einkursinwundern.ch\/index.php?rest_route=\/wp\/v2\/pages"}],"about":[{"href":"https:\/\/einkursinwundern.ch\/index.php?rest_route=\/wp\/v2\/types\/page"}],"author":[{"embeddable":true,"href":"https:\/\/einkursinwundern.ch\/index.php?rest_route=\/wp\/v2\/users\/2"}],"replies":[{"embeddable":true,"href":"https:\/\/einkursinwundern.ch\/index.php?rest_route=%2Fwp%2Fv2%2Fcomments&post=11374"}],"version-history":[{"count":1,"href":"https:\/\/einkursinwundern.ch\/index.php?rest_route=\/wp\/v2\/pages\/11374\/revisions"}],"predecessor-version":[{"id":11375,"href":"https:\/\/einkursinwundern.ch\/index.php?rest_route=\/wp\/v2\/pages\/11374\/revisions\/11375"}],"wp:attachment":[{"href":"https:\/\/einkursinwundern.ch\/index.php?rest_route=%2Fwp%2Fv2%2Fmedia&parent=11374"}],"curies":[{"name":"wp","href":"https:\/\/api.w.org\/{rel}","templated":true}]}}