{"id":11380,"date":"2026-03-05T12:57:34","date_gmt":"2026-03-05T11:57:34","guid":{"rendered":"https:\/\/einkursinwundern.ch\/?page_id=11380"},"modified":"2026-03-05T12:57:45","modified_gmt":"2026-03-05T11:57:45","slug":"wahrnehmen-mit-dem-heiligen-geist","status":"publish","type":"page","link":"https:\/\/einkursinwundern.ch\/?page_id=11380","title":{"rendered":"Wahrnehmen mit dem Heiligen Geist"},"content":{"rendered":"<p><strong>Wahrnehmen mit dem Heiligen Geist<\/strong><\/p>\n<p><strong>\u00a0<\/strong>Wenn ich einem Wesen die Gelegenheit biete, in meiner Gegenwart vollkommen offen und ehrlich zu sein, erzeuge ich wahrhafte Kommunikation.<\/p>\n<p>Wie entdecke und erfahren ich die Wahrheit des Lebens?<br \/>\nDann wenn ich gemeinsam mit dem Heiligen Geist wahrnehme.<\/p>\n<p>Obwohl Wahrnehmung, wie \u00fcbrigens auch der Glaube an S\u00fcnde und die Dunkelheit, dieser Welt der Illusion entstammt, wird durch Wahrnehmung Nichtwissen in Wissen umgewandelt.<\/p>\n<p>Um loszulassen was nicht wirklich ist, m\u00fcssen wir mit den Werkzeugen der Illusion arbeiten. Deshalb m\u00fcssen wir mit der Wahrnehmung arbeiten.<\/p>\n<p>Erkenntnis \u00e4ndert sich nicht, Wahrnehmung hingegen schon, sie kann die Sichtweise von einem Moment zum anderen \u00e4ndern.<br \/>\nTats\u00e4chlich liegt darin die Sch\u00f6nheit der Wahrnehmung, sie KANN sich ver\u00e4ndern.<\/p>\n<p>Durch das \u00c4ndern der Wahrnehmung wird n\u00e4mlich bewirkt, dass Wahrheit in mein Bewusstsein einfliessen kann und meinen Verstand erhellen wird.<\/p>\n<p>Wenn ich Wahrheit entdecken will, muss ich das vereinen was widerspr\u00fcchlich zu sein scheint. N\u00e4mlich mein gespaltenes Gedankensystem vom Ego und der Wahrheit. Dabei wird die Wahrheit die Falschheit ausl\u00f6schen, wie das Licht die Dunkelheit.<\/p>\n<p>Wie gehe ich dabei vor? Weil ich Ego bleibe, muss ich meine Wahrnehmung mit jemandem teilen der die Wahrheit kennt.\u00a0 Also teile ich sie mit dem Heiligen Geist. Ich f\u00fchre mein Gedankensystem der Illusion, mit dem Gedankensystem des Heiligen Geistes, der von der Wahrheit Gottes berichtet, zusammen.<\/p>\n<p>Wie kann ich mit meinem denkenden Geist wissen, ob ich meine\u00a0 Wahrnehmung mit der des Heiligen Geistes zusammen gef\u00fchrt habe?<\/p>\n<p>Daf\u00fcr gibt es ein Test<br \/>\nDer Heilige Geist spricht von EINER Bedeutung, EINEM Gef\u00fchl, EINEM Zweck.<\/p>\n<p>Es gibt nur eine Bedeutung \u2013 das Einssein, die vollkommene Einheit, die Gott ist.<\/p>\n<p>Es gibt nur ein Gef\u00fchl \u2013 Liebe.<br \/>\nEs gibt nur einen Zweck \u2013 diese Liebe miteinander teilen und sie dabei auf die gesamte Sch\u00f6pfung auszudehnen.<\/p>\n<p>Wenn ich also alle meine Gef\u00fchle mit der Absicht offen legen m\u00f6chte, mit dem Heiligen Geist wahrzunehmen, dann schaue ich einfach und sehe, ob das Ergebnis Einssein ist. Ob das Gef\u00fchl immer Liebe ist.<\/p>\n<p>Dann schaue ich, ob mich das zum Zweck f\u00fchrt, diese Liebe auf alle Wesen, auf die gesamte Sch\u00f6pfung auszudehnen.<\/p>\n<p>Wenn ich das so feststellen kann, dann nehme ich gemeinsam mit dem Heiligen Geist wahr.<\/p>\n","protected":false},"excerpt":{"rendered":"<p>Wahrnehmen mit dem Heiligen Geist \u00a0Wenn ich einem Wesen die Gelegenheit biete, in meiner Gegenwart vollkommen offen und ehrlich zu sein, erzeuge ich wahrhafte Kommunikation. Wie entdecke und erfahren ich die Wahrheit des Lebens? Dann wenn ich gemeinsam mit dem Heiligen Geist wahrnehme. Obwohl Wahrnehmung, wie \u00fcbrigens auch der Glaube an S\u00fcnde und die Dunkelheit,<\/p>\n","protected":false},"author":2,"featured_media":0,"parent":0,"menu_order":0,"comment_status":"closed","ping_status":"closed","template":"","meta":{"inline_featured_image":false,"footnotes":""},"class_list":["post-11380","page","type-page","status-publish","hentry","no-featured-content"],"jetpack_sharing_enabled":true,"_links":{"self":[{"href":"https:\/\/einkursinwundern.ch\/index.php?rest_route=\/wp\/v2\/pages\/11380","targetHints":{"allow":["GET"]}}],"collection":[{"href":"https:\/\/einkursinwundern.ch\/index.php?rest_route=\/wp\/v2\/pages"}],"about":[{"href":"https:\/\/einkursinwundern.ch\/index.php?rest_route=\/wp\/v2\/types\/page"}],"author":[{"embeddable":true,"href":"https:\/\/einkursinwundern.ch\/index.php?rest_route=\/wp\/v2\/users\/2"}],"replies":[{"embeddable":true,"href":"https:\/\/einkursinwundern.ch\/index.php?rest_route=%2Fwp%2Fv2%2Fcomments&post=11380"}],"version-history":[{"count":1,"href":"https:\/\/einkursinwundern.ch\/index.php?rest_route=\/wp\/v2\/pages\/11380\/revisions"}],"predecessor-version":[{"id":11381,"href":"https:\/\/einkursinwundern.ch\/index.php?rest_route=\/wp\/v2\/pages\/11380\/revisions\/11381"}],"wp:attachment":[{"href":"https:\/\/einkursinwundern.ch\/index.php?rest_route=%2Fwp%2Fv2%2Fmedia&parent=11380"}],"curies":[{"name":"wp","href":"https:\/\/api.w.org\/{rel}","templated":true}]}}