{"id":11385,"date":"2026-03-11T11:47:55","date_gmt":"2026-03-11T10:47:55","guid":{"rendered":"https:\/\/einkursinwundern.ch\/?page_id=11385"},"modified":"2026-03-11T11:48:06","modified_gmt":"2026-03-11T10:48:06","slug":"dieselbe-quelle","status":"publish","type":"page","link":"https:\/\/einkursinwundern.ch\/?page_id=11385","title":{"rendered":"Dieselbe Quelle"},"content":{"rendered":"<p><strong>Dieselbe Quelle<\/strong><\/p>\n<p>Ein Gedanke kann den Geist der seine Quelle ist, nicht verlassen.<br \/>\n<span style=\"font-size: 12px;\">sinngem\u00e4ss T-26.VII.4:7-9<\/span><\/p>\n<p>In dieser Welt wo Dinge idealisiert, Personen bewundert oder gar verg\u00f6ttert werden, wird von uns \u00fcbersehen wie viel Macht wir diesen \u00abG\u00f6tzen\u00bb geben.<\/p>\n<p>Was ich im Grunde tue ist, ich schauen nach aussen und stellen mir vor (!) wie herrlich es sein muss, von vielen Menschen bewundert zu werden oder in einer luxuri\u00f6sen Villa zu leben oder die andere Ausrichtung ist, in Indien oder in Afrika Bed\u00fcrftigen zu helfen oder auch verwahrloste Tiere zu retten.<\/p>\n<p>Dies alles zu tun ist nicht falsch aber es bedeutet im Grunde nichts, denn es ist nur ein Gedanke der nach aussen projiziert wird. W\u00fcrde ich eines oder mehrere dieser Dinge tun, w\u00fcrde ich in stillen Stunden erfahren, dass sich nichts in mir ver\u00e4ndert hat. Ich werde wieder etwas finden das noch gr\u00f6sser, noch sch\u00f6ner oder barmherziger ist, wie das was ich gerade tue oder habe.<\/p>\n<p>Das was ich dabei \u00fcbersehe ist, dass ich den inneren Frieden nicht durch Taten im \u00c4usseren finden kann. Wie erw\u00e4hnt kann ich das alles tun, doch es spielt keine Rolle ob ich es tue oder lasse.<\/p>\n<p>Indem ich nach aussen schaue und Unterscheidungen vornehmen, \u00fcbersehe ich, dass jedes Lebewesen alles hat, weil die Quelle f\u00fcr alle dieselbe ist. So gibt es niemanden der gr\u00f6sser oder besser ist, nur meine Betrachtungsweise und mein Urteil bestimmt das.<\/p>\n<p>W\u00fcrde ich nach innen schauen und erkennen, dass die Quelle f\u00fcr jeden dieselbe ist, w\u00fcrde ich verstehen, dass so jedes Lebewesen auch ein Teil von mir ist.<\/p>\n<p>Die Quelle, der Ursprung ist Gott und wir sind als Geist seine Ausdehnung.<\/p>\n<p>Der Geist kann nicht angreifen. Denn Geist ist nicht getrennt.<\/p>\n<p>Ich, der in dieser Welt zu leben scheine, muss den Geist jedoch falsch war nehmen. Denn ich nehme ihn als getrennt (von Gott) war. Mit dem getrennten, abgespaltenen Teil des Geistes (im Kurs wird er als falschgesinnt bezeichnet), indem jedoch noch immer die g\u00f6ttliche Sch\u00f6pfungskraft inne wohnt, erzeuge ich mit dieser diese Welt.<br \/>\nEs ist diese kurze Illusion vom gespaltenen Geist, die meine momentane Entscheidung, etwas zu sein, was ich nicht sein kann, erzeugt hat.<\/p>\n<p>Ich glaube ein isoliertes Wesen zu sein, mit einer eigenen Existenz die getrennt von allen anderen Wesen ist. Ich glaube ein K\u00f6rper zu sein, mit einem Selbstzweck.<\/p>\n<p>Das ist der Ego-Plan. Ein Plan des Angriffs (auf Gott).<\/p>\n<p>Nur wenn ich mich als getrennt von anderen erfahre, kann ich andere angreifen. Angriff ist der Wunsch allein zu sein \u2013 was ich nicht sein kann. Dennoch versuche ich es und setze meinen K\u00f6rper daf\u00fcr ein. Das ist meine Identifikation mit dem K\u00f6rper.<\/p>\n<p>Ich kann hingegen den K\u00f6rper als Kommunikationsmittel einsetzten. Als Vehikel mich zu verbinden und das Einssein erfahren. Setzte ich den K\u00f6rper als Kommunikationsmittel ein, erkenne ich mit der Zeit, dass er keinen Selbstzweck hat. Dadurch erfahre ich, dass ich NICHT mein K\u00f6rper bin (siehe auch den Text \u00fcber den K\u00f6rper).<\/p>\n<p>Was bin ich dann ? Nun ich bin mehr als ein K\u00f6rper \u2013 ich bin Geist, verbunden mit allem was ist.<\/p>\n<p>Wenn ich beginne zu erkennen, dass alle meine Erfahrungen rein geistig sind und nur DURCH und nicht vom K\u00f6rper gemacht werden, wenn ich beginne zu erkennen, dass er ein Mittel ist und keinen Selbstzweck hat, dann h\u00f6re ich auf zu glauben, dass er das ist, was ich bin.<\/p>\n<p>Diese Bewusstheit wird mich, wird uns befreien. Alle sch\u00f6pferische Kraft liegt im Geist, niemals innerhalb des K\u00f6rpers.<\/p>\n","protected":false},"excerpt":{"rendered":"<p>Dieselbe Quelle Ein Gedanke kann den Geist der seine Quelle ist, nicht verlassen. sinngem\u00e4ss T-26.VII.4:7-9 In dieser Welt wo Dinge idealisiert, Personen bewundert oder gar verg\u00f6ttert werden, wird von uns \u00fcbersehen wie viel Macht wir diesen \u00abG\u00f6tzen\u00bb geben. Was ich im Grunde tue ist, ich schauen nach aussen und stellen mir vor (!) wie herrlich<\/p>\n","protected":false},"author":2,"featured_media":0,"parent":0,"menu_order":0,"comment_status":"closed","ping_status":"closed","template":"","meta":{"inline_featured_image":false,"footnotes":""},"class_list":["post-11385","page","type-page","status-publish","hentry","no-featured-content"],"jetpack_sharing_enabled":true,"_links":{"self":[{"href":"https:\/\/einkursinwundern.ch\/index.php?rest_route=\/wp\/v2\/pages\/11385","targetHints":{"allow":["GET"]}}],"collection":[{"href":"https:\/\/einkursinwundern.ch\/index.php?rest_route=\/wp\/v2\/pages"}],"about":[{"href":"https:\/\/einkursinwundern.ch\/index.php?rest_route=\/wp\/v2\/types\/page"}],"author":[{"embeddable":true,"href":"https:\/\/einkursinwundern.ch\/index.php?rest_route=\/wp\/v2\/users\/2"}],"replies":[{"embeddable":true,"href":"https:\/\/einkursinwundern.ch\/index.php?rest_route=%2Fwp%2Fv2%2Fcomments&post=11385"}],"version-history":[{"count":1,"href":"https:\/\/einkursinwundern.ch\/index.php?rest_route=\/wp\/v2\/pages\/11385\/revisions"}],"predecessor-version":[{"id":11386,"href":"https:\/\/einkursinwundern.ch\/index.php?rest_route=\/wp\/v2\/pages\/11385\/revisions\/11386"}],"wp:attachment":[{"href":"https:\/\/einkursinwundern.ch\/index.php?rest_route=%2Fwp%2Fv2%2Fmedia&parent=11385"}],"curies":[{"name":"wp","href":"https:\/\/api.w.org\/{rel}","templated":true}]}}