{"id":11412,"date":"2026-03-23T12:21:49","date_gmt":"2026-03-23T11:21:49","guid":{"rendered":"https:\/\/einkursinwundern.ch\/?page_id=11412"},"modified":"2026-03-23T12:27:12","modified_gmt":"2026-03-23T11:27:12","slug":"schuld","status":"publish","type":"page","link":"https:\/\/einkursinwundern.ch\/?page_id=11412","title":{"rendered":"Schuld"},"content":{"rendered":"<p><strong>Schuld<\/strong><\/p>\n<p>Als Sohn Gottes sind wir tats\u00e4chlich schuldlos.<\/p>\n<p>Weil Schuld wie wir dar\u00fcber denken, ein Glaubenssatz ist, dass wir unter Zugrundelegung eines bestimmten Ma\u00dfstabs, etwas getan haben was nicht akzeptabel ist.<\/p>\n<p>Insoweit ich glaube, dass Gott existiert, wird Gott zur Quelle dieses Ma\u00dfstabs.<\/p>\n<p>Ich glaube also, dass ich etwas getan habe was f\u00fcr Gott inakzeptabel ist. Das ist der Ursprung meines Glaubens an Schuld.<br \/>\nKann ich mir vorstellen, dass Gott der allm\u00e4chtig ist, ein Universum entworfen h\u00e4tte in dem er den Handlungen oder Gedanken seiner Kinder zum Opfer f\u00e4llt ?<\/p>\n<p>Gott ist unverletzlich, er ist frei von Angriff, selbst jenseits der Bewusstheit. Das ist die Natur Gottes.<\/p>\n<p>Betrachte ich Gott einen Augenblick lang in diesem Licht. Kann ich mir immer noch vorstellen, dass ich etwas tun oder sein k\u00f6nnte, was f\u00fcr Gott nicht annehmbar ist ?<\/p>\n","protected":false},"excerpt":{"rendered":"<p>Schuld Als Sohn Gottes sind wir tats\u00e4chlich schuldlos. Weil Schuld wie wir dar\u00fcber denken, ein Glaubenssatz ist, dass wir unter Zugrundelegung eines bestimmten Ma\u00dfstabs, etwas getan haben was nicht akzeptabel ist. Insoweit ich glaube, dass Gott existiert, wird Gott zur Quelle dieses Ma\u00dfstabs. Ich glaube also, dass ich etwas getan habe was f\u00fcr Gott inakzeptabel<\/p>\n","protected":false},"author":2,"featured_media":0,"parent":0,"menu_order":0,"comment_status":"closed","ping_status":"closed","template":"","meta":{"inline_featured_image":false,"footnotes":""},"class_list":["post-11412","page","type-page","status-publish","hentry","no-featured-content"],"jetpack_sharing_enabled":true,"_links":{"self":[{"href":"https:\/\/einkursinwundern.ch\/index.php?rest_route=\/wp\/v2\/pages\/11412","targetHints":{"allow":["GET"]}}],"collection":[{"href":"https:\/\/einkursinwundern.ch\/index.php?rest_route=\/wp\/v2\/pages"}],"about":[{"href":"https:\/\/einkursinwundern.ch\/index.php?rest_route=\/wp\/v2\/types\/page"}],"author":[{"embeddable":true,"href":"https:\/\/einkursinwundern.ch\/index.php?rest_route=\/wp\/v2\/users\/2"}],"replies":[{"embeddable":true,"href":"https:\/\/einkursinwundern.ch\/index.php?rest_route=%2Fwp%2Fv2%2Fcomments&post=11412"}],"version-history":[{"count":2,"href":"https:\/\/einkursinwundern.ch\/index.php?rest_route=\/wp\/v2\/pages\/11412\/revisions"}],"predecessor-version":[{"id":11418,"href":"https:\/\/einkursinwundern.ch\/index.php?rest_route=\/wp\/v2\/pages\/11412\/revisions\/11418"}],"wp:attachment":[{"href":"https:\/\/einkursinwundern.ch\/index.php?rest_route=%2Fwp%2Fv2%2Fmedia&parent=11412"}],"curies":[{"name":"wp","href":"https:\/\/api.w.org\/{rel}","templated":true}]}}