{"id":11414,"date":"2026-03-23T12:24:55","date_gmt":"2026-03-23T11:24:55","guid":{"rendered":"https:\/\/einkursinwundern.ch\/?page_id=11414"},"modified":"2026-03-23T12:28:03","modified_gmt":"2026-03-23T11:28:03","slug":"trennung","status":"publish","type":"page","link":"https:\/\/einkursinwundern.ch\/?page_id=11414","title":{"rendered":"Trennung"},"content":{"rendered":"<p><strong>Trennung <\/strong><\/p>\n<p>Im winzig kleinen Augenblick, w\u00e4hlte der Geist mit der g\u00f6ttlichen Sch\u00f6pferkraft die Trennung und erkl\u00e4rte Gott:<\/p>\n<p>\u00abDeine Grenzenlosigkeit und vollkommene Liebe reichen mir nicht, deshalb werde ich dein Reich verlassen. Als besonderes Selbst will ich Gott sein und mir ein eigenes Reich machen.\u00bb<\/p>\n<p>Jetzt als Individuum und K\u00f6rper, von anderen getrennt, begrenze ich hierbei Deine unbegrenzbare Liebe.<\/p>\n<p>Weil ich mich dabei unvollkommen und schwach gemacht habe, kann ich im Vergessen jetzt K\u00f6rper sein.<\/p>\n<p>Die Schuld daf\u00fcr, was ich dadurch erfahre, richte ich auf jemand anderen, auf meinen Bruder.<\/p>\n","protected":false},"excerpt":{"rendered":"<p>Trennung Im winzig kleinen Augenblick, w\u00e4hlte der Geist mit der g\u00f6ttlichen Sch\u00f6pferkraft die Trennung und erkl\u00e4rte Gott: \u00abDeine Grenzenlosigkeit und vollkommene Liebe reichen mir nicht, deshalb werde ich dein Reich verlassen. Als besonderes Selbst will ich Gott sein und mir ein eigenes Reich machen.\u00bb Jetzt als Individuum und K\u00f6rper, von anderen getrennt, begrenze ich hierbei<\/p>\n","protected":false},"author":2,"featured_media":0,"parent":0,"menu_order":0,"comment_status":"closed","ping_status":"closed","template":"","meta":{"inline_featured_image":false,"footnotes":""},"class_list":["post-11414","page","type-page","status-publish","hentry","no-featured-content"],"jetpack_sharing_enabled":true,"_links":{"self":[{"href":"https:\/\/einkursinwundern.ch\/index.php?rest_route=\/wp\/v2\/pages\/11414","targetHints":{"allow":["GET"]}}],"collection":[{"href":"https:\/\/einkursinwundern.ch\/index.php?rest_route=\/wp\/v2\/pages"}],"about":[{"href":"https:\/\/einkursinwundern.ch\/index.php?rest_route=\/wp\/v2\/types\/page"}],"author":[{"embeddable":true,"href":"https:\/\/einkursinwundern.ch\/index.php?rest_route=\/wp\/v2\/users\/2"}],"replies":[{"embeddable":true,"href":"https:\/\/einkursinwundern.ch\/index.php?rest_route=%2Fwp%2Fv2%2Fcomments&post=11414"}],"version-history":[{"count":1,"href":"https:\/\/einkursinwundern.ch\/index.php?rest_route=\/wp\/v2\/pages\/11414\/revisions"}],"predecessor-version":[{"id":11415,"href":"https:\/\/einkursinwundern.ch\/index.php?rest_route=\/wp\/v2\/pages\/11414\/revisions\/11415"}],"wp:attachment":[{"href":"https:\/\/einkursinwundern.ch\/index.php?rest_route=%2Fwp%2Fv2%2Fmedia&parent=11414"}],"curies":[{"name":"wp","href":"https:\/\/api.w.org\/{rel}","templated":true}]}}