{"id":11422,"date":"2026-03-23T13:19:55","date_gmt":"2026-03-23T12:19:55","guid":{"rendered":"https:\/\/einkursinwundern.ch\/?page_id=11422"},"modified":"2026-03-23T13:23:52","modified_gmt":"2026-03-23T12:23:52","slug":"konflikt","status":"publish","type":"page","link":"https:\/\/einkursinwundern.ch\/?page_id=11422","title":{"rendered":"Konflikt"},"content":{"rendered":"<p><strong>Der Konflikt<\/strong><\/p>\n<p>Wir leben in stetem Konflikt, weil wir uns mit dem Ego definieren. Nur in dem das Ego Konflikt schafft kann der Glaube an es \u00fcberhaupt existieren. Der Glaube an die Trennung ist Konflikt, der sich mit unserer Wahrnehmung als Individuum best\u00e4tigt.<\/p>\n<p>Wir schauen auf unsere Mitmenschen und stellen Unterschiede fest. Wir unterscheiden zwischengross und klein, stark und schwach oder zwischen sch\u00f6n und h\u00e4sslich usw. Zudem glauben wir bestimmten Menschen n\u00e4her zu sein als anderen.<\/p>\n<p>Wir unterscheiden die Form unserer Liebe.<\/p>\n<p>Jede Unterscheidung beinhaltet Konflikt.<br \/>\nWir haben gelernt Unterschiede zu beurteilen und jedes \u00a0Urteil von uns, unterscheidet sich von dem Urteil eines anderen. Oder hast du schon je eine andauernde \u00dcbereinstimmung mit dem Urteil eines anderen erfahren?<\/p>\n<p>Wir schauen auf die Form ausserhalb unserer selbst, um zu lernen was wir sind. Ein von uns getrennter Wille belehrt uns dar\u00fcber, wie wir sind. Diese Sichtweise des Ego erzeugt Konflikt. Selbst die sogenannten inneren Werte sind eine Form des Ego und erzeugen die Anwesenheit von Konflikt.<\/p>\n<p>Wenn du einen Moment lang nachdenkst, kannst du dann nicht erkennen, dass Konflikt Schmerz ist?<br \/>\nVielleicht fragst du die jetzt; warum tun wir das? Wir schauen auf die Freude und ersetzten den Schmerz damit, indem wir ihn in unserem Bewusstsein ignorieren.<br \/>\nWir erfreuen uns der Sch\u00f6nheiten dieser Welt, vom Ego gemacht. Wir haben somit eine Struktur geschaffen, die uns glauben l\u00e4sst getrennt (von Gott), allein sein zu k\u00f6nnen.<\/p>\n<p>Dennoch gelingt es uns nicht die Freude stetig zu w\u00e4hlen. Wir erfahren Momente des \u00c4rgers, der Verzweiflung etc. Solange wir das Ego w\u00e4hlen, entscheiden wir uns f\u00fcr den Konflikt und die Abwesenheit von Frieden.<\/p>\n<p>Tats\u00e4chlich sind wir aber immer noch eins und deshalb im Frieden, auch wenn es scheint, wir h\u00e4tten in dieser Welt keinen Zugang dazu. Doch Gott in seiner allumfassenden Liebe hat uns eine Br\u00fccke geschaffen, womit wir in unserem Traum dieser Welt, einen Weg zum Frieden w\u00e4hlen k\u00f6nnen.<\/p>\n<p>Wie wir im Kurs lesen k\u00f6nnen, nahm er das Symbol des Heiligen Geistes, das auch als die Stimme Gottes bezeichnet wird. <span style=\"font-size: 11px;\">\u00dc-I.49.1:2<\/span><br \/>\nDiese Stimme ist Teil von dir. Sie spricht immer und leise zu uns. Warum h\u00f6re ich sie nicht, magst du dich jetzt fragen?<br \/>\nNun solange wir dem Schreien des Ego Beachtung schenken, \u00fcberh\u00f6ren wir die leise Botschaft (Stimme) des Heiligen Geistes.<br \/>\nWillst du wieder Zugang zum Frieden finden, zu deinem wahren Ich, zum Selbst, auch nur f\u00fcr einen Augenblick? Dann richte in einem Moment der Stille deine Aufmerksamkeit nach innen. Schaue weg vom Geschrei des Ego und finde eine Luke durch die du die leise Stimme des Heiligen Geist vernehmen kannst.<\/p>\n<p>Bist dir bewusst, dass die Stimme nicht unbedingt in W\u00f6rter, sondern vielleicht in Bilder oder Gef\u00fchlen \u00abvernommen\u00bb wir. Dieser Augenblick kann sich durch das \u00fcben der Abkehr vom Schreien, zu einem \u00abfamili\u00e4ren\u00bb Moment manifestieren. Sind wir ge\u00fcbt darin, dann w\u00e4hlen wir, nicht nur in schwierigen Momenten, nach innen \u00abzu schauen\u00bb und verbinden uns im Geist mit dem Geist meines Gegen\u00fcbers und mit allem-was-ist. Vielleicht festigt sich dadurch die Erkenntnis, nie vom K\u00f6nigreich Gottes getrennt zu sein und l\u00e4sst die diesen Traum zu Ende tr\u00e4umen in dem Wissen darum.<\/p>\n","protected":false},"excerpt":{"rendered":"<p>Der Konflikt Wir leben in stetem Konflikt, weil wir uns mit dem Ego definieren. Nur in dem das Ego Konflikt schafft kann der Glaube an es \u00fcberhaupt existieren. Der Glaube an die Trennung ist Konflikt, der sich mit unserer Wahrnehmung als Individuum best\u00e4tigt. Wir schauen auf unsere Mitmenschen und stellen Unterschiede fest. Wir unterscheiden zwischengross<\/p>\n","protected":false},"author":2,"featured_media":0,"parent":0,"menu_order":0,"comment_status":"closed","ping_status":"closed","template":"","meta":{"inline_featured_image":false,"footnotes":""},"class_list":["post-11422","page","type-page","status-publish","hentry","no-featured-content"],"jetpack_sharing_enabled":true,"_links":{"self":[{"href":"https:\/\/einkursinwundern.ch\/index.php?rest_route=\/wp\/v2\/pages\/11422","targetHints":{"allow":["GET"]}}],"collection":[{"href":"https:\/\/einkursinwundern.ch\/index.php?rest_route=\/wp\/v2\/pages"}],"about":[{"href":"https:\/\/einkursinwundern.ch\/index.php?rest_route=\/wp\/v2\/types\/page"}],"author":[{"embeddable":true,"href":"https:\/\/einkursinwundern.ch\/index.php?rest_route=\/wp\/v2\/users\/2"}],"replies":[{"embeddable":true,"href":"https:\/\/einkursinwundern.ch\/index.php?rest_route=%2Fwp%2Fv2%2Fcomments&post=11422"}],"version-history":[{"count":1,"href":"https:\/\/einkursinwundern.ch\/index.php?rest_route=\/wp\/v2\/pages\/11422\/revisions"}],"predecessor-version":[{"id":11423,"href":"https:\/\/einkursinwundern.ch\/index.php?rest_route=\/wp\/v2\/pages\/11422\/revisions\/11423"}],"wp:attachment":[{"href":"https:\/\/einkursinwundern.ch\/index.php?rest_route=%2Fwp%2Fv2%2Fmedia&parent=11422"}],"curies":[{"name":"wp","href":"https:\/\/api.w.org\/{rel}","templated":true}]}}