{"id":11439,"date":"2026-05-02T11:37:48","date_gmt":"2026-05-02T10:37:48","guid":{"rendered":"https:\/\/einkursinwundern.ch\/?page_id=11439"},"modified":"2026-05-02T11:37:48","modified_gmt":"2026-05-02T10:37:48","slug":"die-entstehung-der-trennung","status":"publish","type":"page","link":"https:\/\/einkursinwundern.ch\/?page_id=11439","title":{"rendered":"Die Entstehung der Trennung"},"content":{"rendered":"<p><strong>Die Entstehung der Trennung<\/strong><\/p>\n<p>Wie ist es m\u00f6glich, dass ich mich von Gott [scheinbar] getrennt habe ?<\/p>\n<p>Als Gottes Sohn liegt seine Macht in mir. <span style=\"font-size: 12px;\">\u00dc-I.38.5<\/span><br \/>\nSomit bin ich auch Sch\u00f6pfer.<\/p>\n<p>Und so kam es:<br \/>\nIn der Ewigkeit, wo alles eins ist, kam eine winzig kleine Wahnidee geschlichen, und Gottes Sohn [also ich als reiner Geist] vergass, \u00fcber sie zu lachen. <span style=\"font-size: 12px;\">T-27.VIII.6:2<\/span><\/p>\n<p>So wurde diese Wahnidee zu einem ernsthaften Gedanken, f\u00e4hig der Umsetzung und realen Wirkung. Und deshalb konnte diese Wahnidee zur [scheinbaren] Spaltung, in die Falschgesinntheit, des [reinen] Geistes des Sohnes f\u00fchren.<\/p>\n<p>So kam es zum Gedanke der Trennung, denn mehr ist es nicht \u2013 als ein Gedanke!<br \/>\nDennoch hat diese merkw\u00fcrdige Idee, es gebe eine Macht \u00fcber der Allmacht, einen Ort jenseits des Unendlichen, eine Zeit, die \u00fcber das Ewige hinausgeht, bestand und manifestiert sich als Welt.<br \/>\nHier ist nun diese Welt der G\u00f6tzen [der Ego] entstanden durch diese Wahnidee, dieser Macht und diesem Ort und dieser Zeit sei Form gegeben, und sie w\u00fcrde die Welt gestalten, in der das Unm\u00f6gliche [die Trennung von Gott] geschehen ist. <span style=\"font-size: 12px;\">T-29.VIII.6:2-3<\/span><\/p>\n<p>Hierher kommen die Unsterblichen, um zu sterben, die Allumfassenden, um Verlust zu leiden, die Zeitlosen, um zu Sklaven der Zeit gemacht zu werden. Hier ver\u00e4ndert sich das Unver\u00e4nderliche: Der Friede Gottes, der allen Lebewesen in alle Ewigkeit gegeben ist, macht dem Chaos Platz. Und Gottes Sohn, der so vollkommen, s\u00fcndlos und liebend wie sein Vater ist, kommt, um eine kleine Weile lang zu hassen, Schmerz zu leiden und schiesslich zu sterben. <span style=\"font-size: 12px;\">T-29.VIII.6:4-6<\/span><\/p>\n<p>Und dann ist da noch die grundlegende Frage: Wie konnte ein solcher Gedanke der Selbsterschaffung, unabh\u00e4ngig von unserem wahren Sch\u00f6pfer und unserer Quelle, \u00fcberhaupt entstehen?<\/p>\n<p>F\u00fcr uns eine nachvollziehbare Frage, dennoch ist es eine Scheinfrage, wie Jesus aufzeigt:<br \/>\n\u201eAllerdings hat es keinen Sinn, eine Antwort mit Bezug auf die Vergangenheit zu geben, weil\u2026 es keine Geschichte geben w\u00fcrde, wenn dieselben Fehler nicht in der Gegenwart wiederholt w\u00fcrden. <span style=\"font-size: 12px;\">T-4.II.1:3<\/span><\/p>\n<p>Obwohl das Ego die Frage nach seiner Herkunft stellt, gibt keine wirkliche Antwort.<br \/>\nDie gr\u00fcndliche Antwort darauf findet sich am Ende des Kurses:<\/p>\n<p>Das Ego wird viele Antworten fordern, die dieser Kurs nicht gibt. Er begreift das, was nur Form einer Frage hat und worauf eine Antwort unm\u00f6glich ist, nicht als Frage\u2026 es gibt keine Antwort, nur die Erfahrung. Suche nur diese, und lass dich nicht von der Theologie aufhalten. <span style=\"font-size: 12px;\">B-Einl.4<\/span><\/p>\n<p>Mit anderen Worten: Wer einmal eine Erfahrung von Gottes nondualer Liebe gemacht hat, k\u00f6nnte die dualistische Frage \u2013 die wohl aus Angst oder Unwissenheit stammt \u2013 nicht mehr stellen.<\/p>\n<p>Und sp\u00e4ter steht:<br \/>\nDerjenige, der dich bittet, das Ego zu definieren und zu erkl\u00e4ren wie es entstand, kann nur jemand sein, der denkt es sei wirklich\u2026 <span style=\"font-size: 12px;\">B-2.2:5-3:1<\/span><\/p>\n<p>Das heisst, solange wir fragen wie das Unm\u00f6gliche [das Ego] geschah, glauben wir in Wirklichkeit, dass das Ego geschehen ist und daraus die Welt getrennt von, und als Abwehr gegen Gott.<\/p>\n<p>Wenn wir verstehen k\u00f6nnen, dass das Ego [also ich als Mensch und nicht als reiner Geist] eine Wirklichkeit jenseits seiner selbst [dem Himmelreich] nicht verstehen kann, erkl\u00e4rt dass, warum kein nonduales System eine intellektuell befriedigende Antwort auf diese Fragen geben kann.<\/p>\n<p>Dieses gr\u00fcndet auf der Erkl\u00e4rung des Egomechanismus des Spaltens. Wenn der reine Geist sich spaltet, vergisst er, wovon er sich abgespalten hat, und ist sich nur dessen gewahr, wohin er sich abspaltet.<\/p>\n<p>Das bedeutet, dass der getrennte Sohn Gottes nach dieser ersten Spaltung \u201evergessen\u201c hat, woher er kam und wer er in Wahrheit als Christus ist, und sich nur an seine Identit\u00e4t als nunmehr gespaltenes Selbst \u201eerinnert\u201c.<\/p>\n<p>Deshalb hilft der Heilige Geist uns an das zu erinnern \u2013 unsere Identit\u00e4t \u2013 was wir vergessen haben.<\/p>\n","protected":false},"excerpt":{"rendered":"<p>Die Entstehung der Trennung Wie ist es m\u00f6glich, dass ich mich von Gott [scheinbar] getrennt habe ? Als Gottes Sohn liegt seine Macht in mir. \u00dc-I.38.5 Somit bin ich auch Sch\u00f6pfer. Und so kam es: In der Ewigkeit, wo alles eins ist, kam eine winzig kleine Wahnidee geschlichen, und Gottes Sohn [also ich als reiner<\/p>\n","protected":false},"author":2,"featured_media":0,"parent":0,"menu_order":0,"comment_status":"closed","ping_status":"closed","template":"","meta":{"inline_featured_image":false,"footnotes":""},"class_list":["post-11439","page","type-page","status-publish","hentry","no-featured-content"],"jetpack_sharing_enabled":true,"_links":{"self":[{"href":"https:\/\/einkursinwundern.ch\/index.php?rest_route=\/wp\/v2\/pages\/11439","targetHints":{"allow":["GET"]}}],"collection":[{"href":"https:\/\/einkursinwundern.ch\/index.php?rest_route=\/wp\/v2\/pages"}],"about":[{"href":"https:\/\/einkursinwundern.ch\/index.php?rest_route=\/wp\/v2\/types\/page"}],"author":[{"embeddable":true,"href":"https:\/\/einkursinwundern.ch\/index.php?rest_route=\/wp\/v2\/users\/2"}],"replies":[{"embeddable":true,"href":"https:\/\/einkursinwundern.ch\/index.php?rest_route=%2Fwp%2Fv2%2Fcomments&post=11439"}],"version-history":[{"count":1,"href":"https:\/\/einkursinwundern.ch\/index.php?rest_route=\/wp\/v2\/pages\/11439\/revisions"}],"predecessor-version":[{"id":11440,"href":"https:\/\/einkursinwundern.ch\/index.php?rest_route=\/wp\/v2\/pages\/11439\/revisions\/11440"}],"wp:attachment":[{"href":"https:\/\/einkursinwundern.ch\/index.php?rest_route=%2Fwp%2Fv2%2Fmedia&parent=11439"}],"curies":[{"name":"wp","href":"https:\/\/api.w.org\/{rel}","templated":true}]}}